{"id":36330,"date":"2025-07-18T11:01:29","date_gmt":"2025-07-18T09:01:29","guid":{"rendered":"https:\/\/www.alterabrand.com\/product\/altr-stealth-satin-desert_metalens-pcp-brown\/"},"modified":"2025-08-15T16:29:41","modified_gmt":"2025-08-15T14:29:41","slug":"altr-stealth-satin-desert_metalens-pcp-brown","status":"publish","type":"product","link":"https:\/\/www.alterabrand.com\/fr\/product\/altr-stealth-satin-desert_metalens-pcp-brown\/","title":{"rendered":"ALTR\u00ae STEALTH\u2122 satin desert_METALENS PCP brown"},"content":{"rendered":"\t\t<div data-elementor-type=\"wp-post\" data-elementor-id=\"36330\" class=\"elementor elementor-36330 elementor-35231\">\n\t\t\t\t<div class=\"elementor-element elementor-element-4e8bb6a e-flex e-con-boxed e-con e-parent\" data-id=\"4e8bb6a\" data-element_type=\"container\" data-e-type=\"container\">\n\t\t\t\t\t<div class=\"e-con-inner\">\n\t\t<div class=\"elementor-element elementor-element-0fdc7b8 e-con-full e-flex e-con e-child\" data-id=\"0fdc7b8\" data-element_type=\"container\" data-e-type=\"container\">\n\t\t\t\t<div class=\"elementor-element elementor-element-8d3cff1 elementor-widget elementor-widget-image\" data-id=\"8d3cff1\" data-element_type=\"widget\" data-e-type=\"widget\" data-widget_type=\"image.default\">\n\t\t\t\t<div class=\"elementor-widget-container\">\n\t\t\t\t\t\t\t\t\t\t\t\t\t\t\t<img decoding=\"async\" width=\"150\" height=\"100\" src=\"https:\/\/www.alterabrand.com\/wp-content\/uploads\/2018\/10\/ALTERA-STEALTH-BABALENS-icone-150x100.jpg\" class=\"attachment-thumbnail size-thumbnail wp-image-27491\" alt=\"\" \/>\t\t\t\t\t\t\t\t\t\t\t\t\t\t\t<\/div>\n\t\t\t\t<\/div>\n\t\t\t\t<div class=\"elementor-element elementor-element-bfbf06a elementor-widget elementor-widget-heading\" data-id=\"bfbf06a\" data-element_type=\"widget\" data-e-type=\"widget\" data-widget_type=\"heading.default\">\n\t\t\t\t<div class=\"elementor-widget-container\">\n\t\t\t\t\t<h6 class=\"elementor-heading-title elementor-size-default\">DESCRIPTION DU CADRE :<\/h6>\t\t\t\t<\/div>\n\t\t\t\t<\/div>\n\t\t\t\t<div class=\"elementor-element elementor-element-a0d76e0 elementor-widget elementor-widget-text-editor\" data-id=\"a0d76e0\" data-element_type=\"widget\" data-e-type=\"widget\" data-widget_type=\"text-editor.default\">\n\t\t\t\t<div class=\"elementor-widget-container\">\n\t\t\t\t\t\t\t\t\t<p><strong>COULEUR DU CADRE :<\/strong> \u2014<\/p><p><strong>MAT\u00c9RIAU DE LA MONTURE<\/strong> : GRILAMID TR90<\/p>\t\t\t\t\t\t\t\t<\/div>\n\t\t\t\t<\/div>\n\t\t\t\t<\/div>\n\t\t<div class=\"elementor-element elementor-element-4947b36 e-con-full e-flex e-con e-child\" data-id=\"4947b36\" data-element_type=\"container\" data-e-type=\"container\">\n\t\t\t\t<div class=\"elementor-element elementor-element-aad8420 elementor-widget elementor-widget-image\" data-id=\"aad8420\" data-element_type=\"widget\" data-e-type=\"widget\" data-widget_type=\"image.default\">\n\t\t\t\t<div class=\"elementor-widget-container\">\n\t\t\t\t\t\t\t\t\t\t\t\t\t\t\t<img decoding=\"async\" width=\"102\" height=\"80\" src=\"https:\/\/www.alterabrand.com\/wp-content\/uploads\/2025\/02\/icona3-06.png\" class=\"attachment-thumbnail size-thumbnail wp-image-28181\" alt=\"\" \/>\t\t\t\t\t\t\t\t\t\t\t\t\t\t\t<\/div>\n\t\t\t\t<\/div>\n\t\t\t\t<div class=\"elementor-element elementor-element-8f35942 elementor-widget elementor-widget-heading\" data-id=\"8f35942\" data-element_type=\"widget\" data-e-type=\"widget\" data-widget_type=\"heading.default\">\n\t\t\t\t<div class=\"elementor-widget-container\">\n\t\t\t\t\t<h6 class=\"elementor-heading-title elementor-size-default\">DESCRIPTION DE L'OBJECTIF :<\/h6>\t\t\t\t<\/div>\n\t\t\t\t<\/div>\n\t\t\t\t<div class=\"elementor-element elementor-element-dfb29fa elementor-widget elementor-widget-text-editor\" data-id=\"dfb29fa\" data-element_type=\"widget\" data-e-type=\"widget\" data-widget_type=\"text-editor.default\">\n\t\t\t\t<div class=\"elementor-widget-container\">\n\t\t\t\t\t\t\t\t\t<p><strong>FORME DE LA LENTILLE :<\/strong> \u2014<\/p><p><strong>COULEUR DES VERRES :<\/strong>\u2014<\/p>\t\t\t\t\t\t\t\t<\/div>\n\t\t\t\t<\/div>\n\t\t\t\t<\/div>\n\t\t\t\t\t<\/div>\n\t\t\t\t<\/div>\n\t\t<div class=\"elementor-element elementor-element-df3b864 e-flex e-con-boxed e-con e-parent\" data-id=\"df3b864\" data-element_type=\"container\" data-e-type=\"container\">\n\t\t\t\t\t<div class=\"e-con-inner\">\n\t\t<div class=\"elementor-element elementor-element-5f81e15 e-con-full e-flex e-con e-child\" data-id=\"5f81e15\" data-element_type=\"container\" data-e-type=\"container\">\n\t\t\t\t<div class=\"elementor-element elementor-element-51fe3b5 elementor-view-default elementor-widget elementor-widget-icon\" data-id=\"51fe3b5\" data-element_type=\"widget\" data-e-type=\"widget\" data-widget_type=\"icon.default\">\n\t\t\t\t<div class=\"elementor-widget-container\">\n\t\t\t\t\t\t\t<div class=\"elementor-icon-wrapper\">\n\t\t\t<div class=\"elementor-icon\">\n\t\t\t<svg xmlns=\"http:\/\/www.w3.org\/2000\/svg\" xmlns:xlink=\"http:\/\/www.w3.org\/1999\/xlink\" fill=\"#000000\" height=\"800px\" width=\"800px\" id=\"Layer_1\" viewBox=\"0 0 512 512\" xml:space=\"preserve\"><g>\t<g>\t\t<path d=\"M418.364,0L0,418.364L93.636,512L512,93.636L418.364,0z M22.153,418.364l16.443-16.443l54.875,54.875l11.076-11.076   l-54.875-54.875l10.939-10.939l16.477,16.477l11.076-11.077l-16.477-16.477l10.939-10.939l27.485,27.485l11.077-11.076   l-27.485-27.485l10.939-10.939l16.477,16.477l11.076-11.077l-16.477-16.477l10.939-10.939l54.874,54.875l11.076-11.077   l-54.875-54.875l10.939-10.939l16.477,16.477l11.076-11.076l-16.476-16.474l10.939-10.939l27.485,27.485l11.076-11.076   l-27.485-27.485l10.939-10.939l16.477,16.477l11.076-11.076l-16.477-16.477l10.939-10.939l54.874,54.875l11.077-11.076   l-54.874-54.875l10.939-10.939l16.477,16.477l11.076-11.076l-16.477-16.477l10.939-10.939l27.485,27.485l11.076-11.076   L269.83,170.69l10.939-10.939l16.477,16.477l11.077-11.076l-16.477-16.477l10.939-10.939l54.875,54.875l11.077-11.076   l-54.875-54.874l10.939-10.939l16.477,16.477l11.077-11.076l-16.477-16.477l10.939-10.939l27.485,27.485l11.076-11.076   l-27.489-27.487l10.939-10.939l16.477,16.477l11.077-11.076l-16.478-16.477l10.939-10.939l54.875,54.875l11.076-11.076   l-54.875-54.875l16.443-16.443l71.482,71.482L93.636,489.847L22.153,418.364z\"><\/path>\t<\/g><\/g><\/svg>\t\t\t<\/div>\n\t\t<\/div>\n\t\t\t\t\t\t<\/div>\n\t\t\t\t<\/div>\n\t\t\t\t<div class=\"elementor-element elementor-element-1fcdee8 elementor-widget elementor-widget-heading\" data-id=\"1fcdee8\" data-element_type=\"widget\" data-e-type=\"widget\" data-widget_type=\"heading.default\">\n\t\t\t\t<div class=\"elementor-widget-container\">\n\t\t\t\t\t<h6 class=\"elementor-heading-title elementor-size-default\">DIMENSIONS DU PRODUIT :<\/h6>\t\t\t\t<\/div>\n\t\t\t\t<\/div>\n\t\t\t\t<div class=\"elementor-element elementor-element-01aaef0 elementor-widget elementor-widget-text-editor\" data-id=\"01aaef0\" data-element_type=\"widget\" data-e-type=\"widget\" data-widget_type=\"text-editor.default\">\n\t\t\t\t<div class=\"elementor-widget-container\">\n\t\t\t\t\t\t\t\t\t<p><strong>TAILLE<\/strong> : TAILLE UNIQUE<\/p>\t\t\t\t\t\t\t\t<\/div>\n\t\t\t\t<\/div>\n\t\t\t\t<\/div>\n\t\t<div class=\"elementor-element elementor-element-db7cd8e e-con-full e-flex e-con e-child\" data-id=\"db7cd8e\" data-element_type=\"container\" data-e-type=\"container\">\n\t\t\t\t<div class=\"elementor-element elementor-element-a68f3b5 elementor-widget elementor-widget-image\" data-id=\"a68f3b5\" data-element_type=\"widget\" data-e-type=\"widget\" data-widget_type=\"image.default\">\n\t\t\t\t<div class=\"elementor-widget-container\">\n\t\t\t\t\t\t\t\t\t\t\t\t\t\t\t<img decoding=\"async\" src=\"https:\/\/www.alterabrand.com\/wp-content\/uploads\/elementor\/thumbs\/human-face-r1ehrdv73g9b36c3svyfih9bfq35rpm6o5sq4t8l08.png\" title=\"human-face\" alt=\"human-face\" loading=\"lazy\" \/>\t\t\t\t\t\t\t\t\t\t\t\t\t\t\t<\/div>\n\t\t\t\t<\/div>\n\t\t\t\t<div class=\"elementor-element elementor-element-615e477 elementor-widget elementor-widget-heading\" data-id=\"615e477\" data-element_type=\"widget\" data-e-type=\"widget\" data-widget_type=\"heading.default\">\n\t\t\t\t<div class=\"elementor-widget-container\">\n\t\t\t\t\t<h6 class=\"elementor-heading-title elementor-size-default\">COUVERTURE DU VISAGE<\/h6>\t\t\t\t<\/div>\n\t\t\t\t<\/div>\n\t\t\t\t<div class=\"elementor-element elementor-element-15ca2a4 elementor-widget elementor-widget-text-editor\" data-id=\"15ca2a4\" data-element_type=\"widget\" data-e-type=\"widget\" data-widget_type=\"text-editor.default\">\n\t\t\t\t<div class=\"elementor-widget-container\">\n\t\t\t\t\t\t\t\t\t<p><strong>COUVERTURE DU VISAGE <\/strong>: R\u00c9GULI\u00c8RE<\/p>\t\t\t\t\t\t\t\t<\/div>\n\t\t\t\t<\/div>\n\t\t\t\t<\/div>\n\t\t\t\t\t<\/div>\n\t\t\t\t<\/div>\n\t\t<div class=\"elementor-element elementor-element-549382e e-flex e-con-boxed e-con e-parent\" data-id=\"549382e\" data-element_type=\"container\" data-e-type=\"container\">\n\t\t\t\t\t<div class=\"e-con-inner\">\n\t\t\t\t<div class=\"elementor-element elementor-element-82a6d76 elementor-widget elementor-widget-html\" data-id=\"82a6d76\" data-element_type=\"widget\" data-e-type=\"widget\" data-widget_type=\"html.default\">\n\t\t\t\t<div class=\"elementor-widget-container\">\n\t\t\t\t\t<style>\/* Contenitore Pulsante Personalizzato *\/\n.custom-button-container {\n    position: relative;\n    top: 50%;    \n    transform: translate(15%, 80%);\n    z-index: 10;\n    text-align: center;\n}\n\n\/* Pulsante Personalizzato *\/\n#custom-popup-button {\n    display: flex;\n    align-items: center;\n    justify-content: center;\n    background-color: #000;\n    color: #fff;\n    border: none;\n    padding: 15px 30px;\n    cursor: pointer;\n    font-size: 16px;\n    border-radius: 0px;\n    transition: background-color 0.3s ease;\n}\n\n#custom-popup-button:hover {\n    background-color: red;\n}\n\n\/* Immagine Icona Pulsante *\/\n.button-icon {\n    width: 50px;\n    height: 20px;\n    margin-right: 10px; \n}\n\n\/* Correzione per Dispositivi Mobili *\/\n@media screen and (max-width: 768px) {\n    .custom-button-container {\n        width: 100%;\n        left:50%;\n        transform: translate(-25%, 30%);\n    }\n\n    #custom-popup-button {\n        width: 50%;\n        font-size: 14px;\n    }\n}\n\n\/* Stile per il popup *\/\n.custom-popup {\n    position: fixed;\n    top: 0;\n    left: 0;\n    width: 100%;\n    height: 100%;\n    background-color: rgba(0, 0, 0, 0.8);\n    display: flex;\n    justify-content: center;\n    align-items: center;\n    z-index: 100;\n    visibility: hidden;\n    opacity: 0;\n}\n\n.custom-popup .popup-content {\n    position: relative;\n    width: 80%;\n    max-width: 800px;\n    height: 70%;\n    background-color: #fff;\n    border-radius: 10px;\n    overflow: hidden;\n    box-shadow: 0 4px 15px rgba(0, 0, 0, 0.2);\n    display: flex;\n    flex-direction: column;\n    justify-content: flex-start;\n    align-items: center;\n}\n\n.custom-popup .popup-content .scrollable {\n    width: 100%;\n    height: calc(100% - 50px);\n    padding: 20px;\n    overflow-y: auto;\n    text-align: justify;\n    font-size: 16px;\n    line-height: 1.5;\n}\n\n.custom-popup .popup-content .scrollable p {\n    color:black;\n    font-size: 20px;\n    margin: 0 0 15px;\n}\n\n.button-container {\n    display: flex;\n    gap: 10px;\n    margin-top: 10px;\n}\n\n#accept-privacy {\n    padding: 10px 20px;\n    background: black;\n    color: white;\n    border: none;\n    border-radius: 5px;\n    cursor: pointer;\n}\n\n#close-privacy{\n    padding: 10px 20px;\n    background: white;\n    color: black;\n    border: 1px;\n    border-radius: 5px;\n    cursor: pointer;\n}\n\n#accept-privacy:hover {\n    background: red;\n}\n\n.custom-popup .popup-content iframe {\n    width: 100%;\n    height: 100%;\n}\n\n.custom-popup .popup-content #close-popup {\n    position: absolute;\n    top: 10px;\n    right: 10px;\n    background: red;\n    color: white;\n    border: none;\n    padding: 5px 10px;\n    cursor: pointer;\n    border-radius: 5px;\n    z-index: 300;\n}\n\n@media screen and (max-width: 768px) {\n    .custom-popup {\n        width: 100vw;\n        height: 100vh;\n        overflow: hidden;\n    }\n\n    .custom-popup .popup-content {\n        width: 100%;\n        height: 70%;\n        max-width: 100vw;\n        max-height: 100vh;\n        border-radius: 0;\n        overflow: hidden;\n    }\n\n    body, html {\n        overflow-x: hidden;\n        width: 100vw;\n    }\n}\n<\/style><script src=\"https:\/\/cdnjs.cloudflare.com\/ajax\/libs\/gsap\/3.12.2\/gsap.min.js\"><\/script><script>document.addEventListener(\"DOMContentLoaded\", function () {\n    const popupButton = document.getElementById(\"custom-popup-button\");\n    const popup = document.getElementById(\"custom-popup\");\n    const privacyPopup = document.getElementById(\"privacy-popup\");\n    const acceptPrivacy = document.getElementById(\"accept-privacy\");\n    const closePrivacy = document.getElementById(\"close-privacy\");\n    const closeButton = document.getElementById(\"close-popup\");\n\n    let videoStream = null; \/\/ Variabile per salvare il flusso della fotocamera\n\n    gsap.set([popup, privacyPopup], { opacity: 0, visibility: \"hidden\" });\n    gsap.set(popup.querySelector(\".popup-content\"), { scale: 0.8 });\n\n    popupButton.addEventListener(\"click\", function () {\n        gsap.to(privacyPopup, { \n            duration: 0.3, \n            opacity: 1, \n            visibility: \"visible\", \n            ease: \"power2.out\" \n        });\n    });\n\n    acceptPrivacy.addEventListener(\"click\", function () {\n        gsap.to(privacyPopup, { \n            duration: 0.3, \n            opacity: 0, \n            visibility: \"hidden\", \n            ease: \"power2.in\" \n        });\n\n        \/\/ SOLO ORA chiediamo l'accesso alla fotocamera\n        navigator.mediaDevices.getUserMedia({ video: true })\n            .then(function (stream) {\n                videoStream = stream;\n                console.log(\"Accesso alla fotocamera concesso.\");\n            })\n            .catch(function (error) {\n                console.error(\"Errore nell'accesso alla fotocamera:\", error);\n            });\n\n        if (window.matchMedia(\"(max-width: 768px)\").matches) {\n            const iframe = document.querySelector('.custom-popup .popup-content iframe');\n            const arUrl = iframe.src;\n            window.open(arUrl, '_blank');\n        } else {\n            gsap.to(popup, { \n                duration: 0.3, \n                opacity: 1, \n                visibility: \"visible\", \n                ease: \"power2.out\", \n                delay: 0.3 \n            });\n        }\n    });\n\n    closePrivacy.addEventListener(\"click\", function () {\n        gsap.to(privacyPopup, { \n            duration: 0.3, \n            opacity: 0, \n            visibility: \"hidden\", \n            ease: \"power2.in\" \n        });\n    });\n\n    popup.addEventListener(\"click\", function (e) {\n        if (e.target === popup) {\n            chiudiPopup();\n        }\n    });\n\n    function chiudiPopup() {\n        gsap.to(popup.querySelector(\".popup-content\"), { \n            duration: 0.3, \n            scale: 0.8, \n            ease: \"power2.in\" \n        });\n        gsap.to(popup, { \n            duration: 0.3, \n            opacity: 0, \n            visibility: \"hidden\", \n            ease: \"power2.in\", \n            delay: 0.3 \n        });\n\n        \/\/ Se la fotocamera \u00e8 attiva, interrompi il flusso\n        if (videoStream) {\n            videoStream.getTracks().forEach(track => track.stop());\n            videoStream = null;\n        }\n    }\n\n    closeButton.addEventListener(\"click\", chiudiPopup);\n});\n<\/script>\t\t\t\t<\/div>\n\t\t\t\t<\/div>\n\t\t\t\t\t<\/div>\n\t\t\t\t<\/div>\n\t\t<div class=\"elementor-element elementor-element-a0cf577 e-flex e-con-boxed e-con e-parent\" data-id=\"a0cf577\" data-element_type=\"container\" data-e-type=\"container\">\n\t\t\t\t\t<div class=\"e-con-inner\">\n\t\t\t\t<div class=\"elementor-element elementor-element-c5bd990 elementor-widget elementor-widget-html\" data-id=\"c5bd990\" data-element_type=\"widget\" data-e-type=\"widget\" data-widget_type=\"html.default\">\n\t\t\t\t<div class=\"elementor-widget-container\">\n\t\t\t\t\t<!-- Primo popup --><div id=\"popup-1\" class=\"popup\"><div class=\"popup-content\"><iframe src=\"https:\/\/www.alterabrand.com\/lens-guide\/\"><\/iframe><div class=\"close-popup\">&times;<\/div><\/div><\/div><!-- Secondo popup --><div id=\"popup-2\" class=\"popup\"><div class=\"popup-content\"><iframe src=\"https:\/\/www.alterabrand.com\/size-guide\/\"><\/iframe><div class=\"close-popup\">&times;<\/div><\/div><\/div><style>.popup {\n    display: none;\n    position: fixed;\n    top: 0;\n    left: 0;\n    width: 100vw;\n    height: 100vh;\n    background: rgba(0, 0, 0, 0.5);\n    justify-content: center;\n    align-items: center;\n    z-index: 9999;\n}\n\n.popup-content {\n    position: relative;\n    width: 90%;\n    max-width: 1000px;\n    height: 90%;\n    background: white;\n    border-radius: 8px;\n    overflow: hidden;\n    box-shadow: 0px 10px 30px rgba(0, 0, 0, 0.3);\n}\n\n.popup iframe {\n    width: 100%;\n    height: 100%;\n    border: none;\n}\n\n.close-popup {\n    position: absolute;\n    top: 10px;\n    right: 15px;\n    font-size: 30px;\n    font-weight: bold;\n    color: black;\n    cursor: pointer;\n}\n<\/style><script>document.addEventListener(\"DOMContentLoaded\", function () {\n    document.querySelectorAll(\".popup-trigger\").forEach(trigger => {\n        trigger.addEventListener(\"click\", function () {\n            document.getElementById(this.dataset.popup).style.display = \"flex\";\n        });\n    });\n\n    document.querySelectorAll(\".popup\").forEach(popup => {\n        popup.addEventListener(\"click\", function (e) {\n            if (e.target === popup || e.target.classList.contains(\"close-popup\")) {\n                popup.style.display = \"none\";\n            }\n        });\n    });\n});\n<\/script>\t\t\t\t<\/div>\n\t\t\t\t<\/div>\n\t\t\t\t\t<\/div>\n\t\t\t\t<\/div>\n\t\t\t\t<\/div>\n\t\t","protected":false},"excerpt":{"rendered":"<p>Lunettes de sport haute performance pour les sports de pr\u00e9cision, le golf, le tir, le tir \u00e0 l&#8217;arc, le tennis et bien d&#8217;autres sports. Les verres Kontrast sont con\u00e7us pour am\u00e9liorer le <span id=\"idgen-PRODUCTS--98\" class=\"_ngcontent-wwe-78\"><span class=\"_ngcontent-wwe-78\">contraste et la pr\u00e9cision.<\/span><\/span> <\/p>\n<p>&nbsp;<\/p>\n<p><strong>OBJECTIF : <a class=\"popup-trigger\" href=\"#\" data-popup=\"popup-1\">GUIDE DES OBJECTIFS<\/a><\/strong><\/p>\n<p><strong>TAILLE : <a class=\"popup-trigger\" href=\"#\" data-popup=\"popup-2\">GUIDE DES TAILLES<\/a><\/strong><\/p>\n<p>&nbsp;<\/p>\n<p><strong>TAILLE<\/strong> : UNIQUE<\/p>\n","protected":false},"featured_media":31429,"comment_status":"open","ping_status":"closed","template":"","meta":{"_mo_disable_npp":""},"product_brand":[],"product_cat":[471,462,457,480,456,460,479,481,473,478,459,461,477,470,468,458,482,448,445,447,446],"product_tag":[],"class_list":{"0":"post-36330","1":"product","2":"type-product","3":"status-publish","4":"has-post-thumbnail","6":"product_cat-archery-fr","7":"product_cat-baseball-fr","8":"product_cat-biathlon-fr","9":"product_cat-canoeing-fr","10":"product_cat-cricket-fr","11":"product_cat-driving-fr","12":"product_cat-kayak-fr","13":"product_cat-kitesurf-fr","14":"product_cat-running-fr","15":"product_cat-sailing-fr","16":"product_cat-shooting-fr","17":"product_cat-skeet-shooting-fr","18":"product_cat-skiing-fr","19":"product_cat-softball-fr","20":"product_cat-tennis-fr","21":"product_cat-triathlon-fr","22":"product_cat-windsurf-fr","23":"product_cat-de-plein-air","24":"product_cat-sports-de-precision","25":"product_cat-sports-nautiques","26":"product_cat-sports-sur-route-et-tout-terrain","28":"first","29":"outofstock","30":"sale","31":"taxable","32":"shipping-taxable","33":"purchasable","34":"product-type-simple"},"aioseo_notices":[],"_links":{"self":[{"href":"https:\/\/www.alterabrand.com\/fr\/wp-json\/wp\/v2\/product\/36330","targetHints":{"allow":["GET"]}}],"collection":[{"href":"https:\/\/www.alterabrand.com\/fr\/wp-json\/wp\/v2\/product"}],"about":[{"href":"https:\/\/www.alterabrand.com\/fr\/wp-json\/wp\/v2\/types\/product"}],"replies":[{"embeddable":true,"href":"https:\/\/www.alterabrand.com\/fr\/wp-json\/wp\/v2\/comments?post=36330"}],"version-history":[{"count":3,"href":"https:\/\/www.alterabrand.com\/fr\/wp-json\/wp\/v2\/product\/36330\/revisions"}],"predecessor-version":[{"id":36399,"href":"https:\/\/www.alterabrand.com\/fr\/wp-json\/wp\/v2\/product\/36330\/revisions\/36399"}],"wp:featuredmedia":[{"embeddable":true,"href":"https:\/\/www.alterabrand.com\/fr\/wp-json\/wp\/v2\/media\/31429"}],"wp:attachment":[{"href":"https:\/\/www.alterabrand.com\/fr\/wp-json\/wp\/v2\/media?parent=36330"}],"wp:term":[{"taxonomy":"product_brand","embeddable":true,"href":"https:\/\/www.alterabrand.com\/fr\/wp-json\/wp\/v2\/product_brand?post=36330"},{"taxonomy":"product_cat","embeddable":true,"href":"https:\/\/www.alterabrand.com\/fr\/wp-json\/wp\/v2\/product_cat?post=36330"},{"taxonomy":"product_tag","embeddable":true,"href":"https:\/\/www.alterabrand.com\/fr\/wp-json\/wp\/v2\/product_tag?post=36330"}],"curies":[{"name":"wp","href":"https:\/\/api.w.org\/{rel}","templated":true}]}}